{"id":1942,"date":"2024-02-20T14:53:29","date_gmt":"2024-02-20T13:53:29","guid":{"rendered":"https:\/\/svenskamagasinet.es\/restaurangguiden\/?page_id=1942"},"modified":"2026-03-20T16:43:34","modified_gmt":"2026-03-20T15:43:34","slug":"advertise-on-the-restaurant-guide","status":"publish","type":"page","link":"https:\/\/svenskamagasinet.es\/restaurangguiden\/en\/advertise-on-the-restaurant-guide\/","title":{"rendered":"Advertise on the restaurant guide"},"content":{"rendered":"<p>[et_pb_section fb_built=&#8221;1&#8243; _builder_version=&#8221;4.21.0&#8243; _module_preset=&#8221;default&#8221; use_background_color_gradient=&#8221;on&#8221; background_color_gradient_stops=&#8221;rgba(0,0,0,0.41) 1%|rgba(0,0,0,0.89) 100%&#8221; background_color_gradient_overlays_image=&#8221;on&#8221; background_image=&#8221;https:\/\/svenskamagasinet.es\/restaurangguiden\/wp-content\/uploads\/2023\/05\/restaurang-guiden-svm-2-scaled.jpg&#8221; global_colors_info=&#8221;{}&#8221;][et_pb_row column_structure=&#8221;1_2,1_2&#8243; make_equal=&#8221;on&#8221; _builder_version=&#8221;4.21.0&#8243; _module_preset=&#8221;default&#8221; background_color=&#8221;#FFFFFF&#8221; custom_margin=&#8221;|auto|40px|auto||&#8221; custom_padding=&#8221;40px|40px|40px|40px|true|true&#8221; global_colors_info=&#8221;{}&#8221;][et_pb_column type=&#8221;1_2&#8243; _builder_version=&#8221;4.21.0&#8243; _module_preset=&#8221;default&#8221; background_color=&#8221;#4662AB&#8221; custom_padding=&#8221;50px|50px|50px|50px|true|true&#8221; global_colors_info=&#8221;{}&#8221;][et_pb_blurb title=&#8221;Advertise here!&#8221; use_icon=&#8221;on&#8221; font_icon=&#8221;&#xf56b;||fa||900&#8243; icon_color=&#8221;#FFFFFF&#8221; _builder_version=&#8221;4.24.2&#8243; _module_preset=&#8221;default&#8221; text_orientation=&#8221;center&#8221; background_layout=&#8221;dark&#8221; locked=&#8221;off&#8221; global_colors_info=&#8221;{}&#8221;]<\/p>\n<p>Are you a restaurant owner who wants to be featured in the Swedish Magazine Restaurant Guide?<\/p>\n<p>You&#8217;ve come to the right place! See the price list and register today!<\/p>\n<p>[\/et_pb_blurb][et_pb_divider color=&#8221;#FFFFFF&#8221; divider_style=&#8221;dashed&#8221; _builder_version=&#8221;4.27.5&#8243; _module_preset=&#8221;default&#8221; custom_margin=&#8221;||-4px||false|false&#8221; locked=&#8221;off&#8221; global_colors_info=&#8221;{}&#8221;][\/et_pb_divider][et_pb_text _builder_version=&#8221;4.27.5&#8243; _module_preset=&#8221;default&#8221; text_font_size=&#8221;21px&#8221; text_orientation=&#8221;center&#8221; background_layout=&#8221;dark&#8221; locked=&#8221;off&#8221; global_colors_info=&#8221;{}&#8221;]<\/p>\n<p>The restaurant guide is visited by approximately 100,000 food-loving readers every month<\/p>\n<p>[\/et_pb_text][et_pb_divider color=&#8221;#FFFFFF&#8221; divider_style=&#8221;dashed&#8221; _builder_version=&#8221;4.27.5&#8243; _module_preset=&#8221;default&#8221; custom_margin=&#8221;||4px||false|false&#8221; locked=&#8221;off&#8221; global_colors_info=&#8221;{}&#8221;][\/et_pb_divider][et_pb_image src=&#8221;https:\/\/svenskamagasinet.es\/restaurangguiden\/wp-content\/uploads\/2023\/05\/restaurang-guiden-svm-scaled.jpg&#8221; title_text=&#8221;restaurang-guiden-svm&#8221; _builder_version=&#8221;4.21.0&#8243; _module_preset=&#8221;default&#8221; global_colors_info=&#8221;{}&#8221;][\/et_pb_image][\/et_pb_column][et_pb_column type=&#8221;1_2&#8243; _builder_version=&#8221;4.21.0&#8243; _module_preset=&#8221;default&#8221; global_colors_info=&#8221;{}&#8221;][et_pb_contact_form use_spam_service=&#8221;on&#8221; recaptcha_list=&#8221;svm-0&#8243; email=&#8221;info@svenskamagasinet.nu&#8221; title=&#8221;Register for advertising.&#8221; custom_message=&#8221;Du har f\u00e5tt en best\u00e4llning p\u00e5 en restaurangannons!||et_pb_line_break_holder||||et_pb_line_break_holder||Namn: %%Name%%||et_pb_line_break_holder||E-post: %%Email%%||et_pb_line_break_holder||Restaurang: %%restaurang%%||et_pb_line_break_holder||Telefon: %%telefon%%||et_pb_line_break_holder||Abonnemang: %%abonnemang%%||et_pb_line_break_holder||Meddelande: %%Message%%||et_pb_line_break_holder||S\u00e4ljare: %%rep%%&#8221; submit_button_text=&#8221;Submit Application&#8221; _builder_version=&#8221;4.27.6&#8243; _module_preset=&#8221;default&#8221; _unique_id=&#8221;f7c8f579-9065-49d9-adc9-f2e95161043f&#8221; custom_button=&#8221;on&#8221; button_text_color=&#8221;#FFFFFF&#8221; button_bg_color=&#8221;#4662AB&#8221; button_border_width=&#8221;0px&#8221; button_border_radius=&#8221;5px&#8221; custom_margin=&#8221;49px|||||&#8221; hover_enabled=&#8221;0&#8243; admin_email_subject=&#8221;Restaurangguiden&#8221; admin_email_from_name=&#8221;Restaurang Guiden&#8221; admin_email_bcc=&#8221;mike@svenskamagasinet.nu&#8221; save_files_to_db=&#8221;off&#8221; global_colors_info=&#8221;{}&#8221; sticky_enabled=&#8221;0&#8243;][et_pb_contact_field field_id=&#8221;Name&#8221; field_title=&#8221;Name&#8221; fullwidth_field=&#8221;on&#8221; _builder_version=&#8221;4.24.2&#8243; global_colors_info=&#8221;{}&#8221; button_text_size__hover_enabled=&#8221;off&#8221; button_one_text_size__hover_enabled=&#8221;off&#8221; button_two_text_size__hover_enabled=&#8221;off&#8221; button_text_color__hover_enabled=&#8221;off&#8221; button_one_text_color__hover_enabled=&#8221;off&#8221; button_two_text_color__hover_enabled=&#8221;off&#8221; button_border_width__hover_enabled=&#8221;off&#8221; button_one_border_width__hover_enabled=&#8221;off&#8221; button_two_border_width__hover_enabled=&#8221;off&#8221; button_border_color__hover_enabled=&#8221;off&#8221; button_one_border_color__hover_enabled=&#8221;off&#8221; button_two_border_color__hover_enabled=&#8221;off&#8221; button_border_radius__hover_enabled=&#8221;off&#8221; button_one_border_radius__hover_enabled=&#8221;off&#8221; button_two_border_radius__hover_enabled=&#8221;off&#8221; button_letter_spacing__hover_enabled=&#8221;off&#8221; button_one_letter_spacing__hover_enabled=&#8221;off&#8221; button_two_letter_spacing__hover_enabled=&#8221;off&#8221; button_bg_color__hover_enabled=&#8221;off&#8221; button_one_bg_color__hover_enabled=&#8221;off&#8221; button_two_bg_color__hover_enabled=&#8221;off&#8221;][\/et_pb_contact_field][et_pb_contact_field field_id=&#8221;Email&#8221; field_title=&#8221;Email&#8221; field_type=&#8221;email&#8221; fullwidth_field=&#8221;on&#8221; _builder_version=&#8221;4.24.2&#8243; global_colors_info=&#8221;{}&#8221; button_text_size__hover_enabled=&#8221;off&#8221; button_one_text_size__hover_enabled=&#8221;off&#8221; button_two_text_size__hover_enabled=&#8221;off&#8221; button_text_color__hover_enabled=&#8221;off&#8221; button_one_text_color__hover_enabled=&#8221;off&#8221; button_two_text_color__hover_enabled=&#8221;off&#8221; button_border_width__hover_enabled=&#8221;off&#8221; button_one_border_width__hover_enabled=&#8221;off&#8221; button_two_border_width__hover_enabled=&#8221;off&#8221; button_border_color__hover_enabled=&#8221;off&#8221; button_one_border_color__hover_enabled=&#8221;off&#8221; button_two_border_color__hover_enabled=&#8221;off&#8221; button_border_radius__hover_enabled=&#8221;off&#8221; button_one_border_radius__hover_enabled=&#8221;off&#8221; button_two_border_radius__hover_enabled=&#8221;off&#8221; button_letter_spacing__hover_enabled=&#8221;off&#8221; button_one_letter_spacing__hover_enabled=&#8221;off&#8221; button_two_letter_spacing__hover_enabled=&#8221;off&#8221; button_bg_color__hover_enabled=&#8221;off&#8221; button_one_bg_color__hover_enabled=&#8221;off&#8221; button_two_bg_color__hover_enabled=&#8221;off&#8221;][\/et_pb_contact_field][et_pb_contact_field field_id=&#8221;restaurang&#8221; field_title=&#8221;Restaurant&#8221; fullwidth_field=&#8221;on&#8221; _builder_version=&#8221;4.24.2&#8243; _module_preset=&#8221;default&#8221; global_colors_info=&#8221;{}&#8221;][\/et_pb_contact_field][et_pb_contact_field field_id=&#8221;telefon&#8221; field_title=&#8221;Telephone&#8221; fullwidth_field=&#8221;on&#8221; _builder_version=&#8221;4.24.2&#8243; _module_preset=&#8221;default&#8221; global_colors_info=&#8221;{}&#8221;][\/et_pb_contact_field][et_pb_contact_field field_id=&#8221;abonnemang&#8221; field_title=&#8221;Choose subscription.&#8221; field_type=&#8221;radio&#8221; radio_options=&#8221;%91{%22value%22:%22Full year 1200\u20ac excluding VAT.%22,%22checked%22:1,%22dragID%22:0}%93&#8243; fullwidth_field=&#8221;on&#8221; _builder_version=&#8221;4.27.6&#8243; _module_preset=&#8221;default&#8221; hover_enabled=&#8221;0&#8243; global_colors_info=&#8221;{}&#8221; sticky_enabled=&#8221;0&#8243;][\/et_pb_contact_field][et_pb_contact_field field_id=&#8221;Message&#8221; field_title=&#8221;Message&#8221; field_type=&#8221;text&#8221; fullwidth_field=&#8221;on&#8221; _builder_version=&#8221;4.24.2&#8243; global_colors_info=&#8221;{}&#8221; button_text_size__hover_enabled=&#8221;off&#8221; button_one_text_size__hover_enabled=&#8221;off&#8221; button_two_text_size__hover_enabled=&#8221;off&#8221; button_text_color__hover_enabled=&#8221;off&#8221; button_one_text_color__hover_enabled=&#8221;off&#8221; button_two_text_color__hover_enabled=&#8221;off&#8221; button_border_width__hover_enabled=&#8221;off&#8221; button_one_border_width__hover_enabled=&#8221;off&#8221; button_two_border_width__hover_enabled=&#8221;off&#8221; button_border_color__hover_enabled=&#8221;off&#8221; button_one_border_color__hover_enabled=&#8221;off&#8221; button_two_border_color__hover_enabled=&#8221;off&#8221; button_border_radius__hover_enabled=&#8221;off&#8221; button_one_border_radius__hover_enabled=&#8221;off&#8221; button_two_border_radius__hover_enabled=&#8221;off&#8221; button_letter_spacing__hover_enabled=&#8221;off&#8221; button_one_letter_spacing__hover_enabled=&#8221;off&#8221; button_two_letter_spacing__hover_enabled=&#8221;off&#8221; button_bg_color__hover_enabled=&#8221;off&#8221; button_one_bg_color__hover_enabled=&#8221;off&#8221; button_two_bg_color__hover_enabled=&#8221;off&#8221;][\/et_pb_contact_field][et_pb_contact_field field_id=&#8221;rep&#8221; field_title=&#8221;Representative \/ Salesperson&#8221; fullwidth_field=&#8221;on&#8221; _builder_version=&#8221;4.24.2&#8243; _module_preset=&#8221;default&#8221; global_colors_info=&#8221;{}&#8221;][\/et_pb_contact_field][\/et_pb_contact_form][\/et_pb_column][\/et_pb_row][\/et_pb_section]<\/p>\n","protected":false},"excerpt":{"rendered":"<p>Are you a restaurant owner who wants to be featured in the Swedish Magazine Restaurant Guide? You&#8217;ve come to the right place! See the price list and register today!The restaurant guide is visited by approximately 100,000 food-loving readers every month<\/p>\n","protected":false},"author":5,"featured_media":0,"parent":0,"menu_order":0,"comment_status":"closed","ping_status":"closed","template":"","meta":{"_et_pb_use_builder":"on","_et_pb_old_content":"","_et_gb_content_width":"","restaurant_location":"","footnotes":""},"class_list":["post-1942","page","type-page","status-publish","hentry"],"yoast_head":"<!-- This site is optimized with the Yoast SEO plugin v27.4 - https:\/\/yoast.com\/product\/yoast-seo-wordpress\/ -->\n<title>Advertise on the restaurant guide - Svenska Magasinet<\/title>\n<meta name=\"robots\" content=\"index, follow, max-snippet:-1, max-image-preview:large, max-video-preview:-1\" \/>\n<link rel=\"canonical\" href=\"https:\/\/svenskamagasinet.es\/restaurangguiden\/en\/advertise-on-the-restaurant-guide\/\" \/>\n<meta property=\"og:locale\" content=\"sv_SE\" \/>\n<meta property=\"og:type\" content=\"article\" \/>\n<meta property=\"og:title\" content=\"Advertise on the restaurant guide - Svenska Magasinet\" \/>\n<meta property=\"og:description\" content=\"Are you a restaurant owner who wants to be featured in the Swedish Magazine Restaurant Guide? You&#039;ve come to the right place! See the price list and register today!The restaurant guide is visited by approximately 100,000 food-loving readers every month\" \/>\n<meta property=\"og:url\" content=\"https:\/\/svenskamagasinet.es\/restaurangguiden\/en\/advertise-on-the-restaurant-guide\/\" \/>\n<meta property=\"og:site_name\" content=\"Svenska Magasinet\" \/>\n<meta property=\"article:modified_time\" content=\"2026-03-20T15:43:34+00:00\" \/>\n<meta name=\"twitter:card\" content=\"summary_large_image\" \/>\n<script type=\"application\/ld+json\" class=\"yoast-schema-graph\">{\"@context\":\"https:\\\/\\\/schema.org\",\"@graph\":[{\"@type\":\"WebPage\",\"@id\":\"https:\\\/\\\/svenskamagasinet.es\\\/restaurangguiden\\\/en\\\/advertise-on-the-restaurant-guide\\\/\",\"url\":\"https:\\\/\\\/svenskamagasinet.es\\\/restaurangguiden\\\/en\\\/advertise-on-the-restaurant-guide\\\/\",\"name\":\"Advertise on the restaurant guide - Svenska Magasinet\",\"isPartOf\":{\"@id\":\"https:\\\/\\\/svenskamagasinet.es\\\/restaurangguiden\\\/#website\"},\"datePublished\":\"2024-02-20T13:53:29+00:00\",\"dateModified\":\"2026-03-20T15:43:34+00:00\",\"breadcrumb\":{\"@id\":\"https:\\\/\\\/svenskamagasinet.es\\\/restaurangguiden\\\/en\\\/advertise-on-the-restaurant-guide\\\/#breadcrumb\"},\"inLanguage\":\"sv-SE\",\"potentialAction\":[{\"@type\":\"ReadAction\",\"target\":[\"https:\\\/\\\/svenskamagasinet.es\\\/restaurangguiden\\\/en\\\/advertise-on-the-restaurant-guide\\\/\"]}]},{\"@type\":\"BreadcrumbList\",\"@id\":\"https:\\\/\\\/svenskamagasinet.es\\\/restaurangguiden\\\/en\\\/advertise-on-the-restaurant-guide\\\/#breadcrumb\",\"itemListElement\":[{\"@type\":\"ListItem\",\"position\":1,\"name\":\"Hem\",\"item\":\"https:\\\/\\\/svenskamagasinet.es\\\/restaurangguiden\\\/\"},{\"@type\":\"ListItem\",\"position\":2,\"name\":\"Advertise on the restaurant guide\"}]},{\"@type\":\"WebSite\",\"@id\":\"https:\\\/\\\/svenskamagasinet.es\\\/restaurangguiden\\\/#website\",\"url\":\"https:\\\/\\\/svenskamagasinet.es\\\/restaurangguiden\\\/\",\"name\":\"Svenska Magasinet\",\"description\":\"Restaurangguiden i Spanien\",\"publisher\":{\"@id\":\"https:\\\/\\\/svenskamagasinet.es\\\/restaurangguiden\\\/#organization\"},\"alternateName\":\"Restaurangguiden\",\"potentialAction\":[{\"@type\":\"SearchAction\",\"target\":{\"@type\":\"EntryPoint\",\"urlTemplate\":\"https:\\\/\\\/svenskamagasinet.es\\\/restaurangguiden\\\/?s={search_term_string}\"},\"query-input\":{\"@type\":\"PropertyValueSpecification\",\"valueRequired\":true,\"valueName\":\"search_term_string\"}}],\"inLanguage\":\"sv-SE\"},{\"@type\":\"Organization\",\"@id\":\"https:\\\/\\\/svenskamagasinet.es\\\/restaurangguiden\\\/#organization\",\"name\":\"SvenskaMagasinet\",\"alternateName\":\"Restaurangguiden\",\"url\":\"https:\\\/\\\/svenskamagasinet.es\\\/restaurangguiden\\\/\",\"logo\":{\"@type\":\"ImageObject\",\"inLanguage\":\"sv-SE\",\"@id\":\"https:\\\/\\\/svenskamagasinet.es\\\/restaurangguiden\\\/#\\\/schema\\\/logo\\\/image\\\/\",\"url\":\"\",\"contentUrl\":\"\",\"caption\":\"SvenskaMagasinet\"},\"image\":{\"@id\":\"https:\\\/\\\/svenskamagasinet.es\\\/restaurangguiden\\\/#\\\/schema\\\/logo\\\/image\\\/\"}}]}<\/script>\n<!-- \/ Yoast SEO plugin. -->","yoast_head_json":{"title":"Advertise on the restaurant guide - Svenska Magasinet","robots":{"index":"index","follow":"follow","max-snippet":"max-snippet:-1","max-image-preview":"max-image-preview:large","max-video-preview":"max-video-preview:-1"},"canonical":"https:\/\/svenskamagasinet.es\/restaurangguiden\/en\/advertise-on-the-restaurant-guide\/","og_locale":"sv_SE","og_type":"article","og_title":"Advertise on the restaurant guide - Svenska Magasinet","og_description":"Are you a restaurant owner who wants to be featured in the Swedish Magazine Restaurant Guide? You've come to the right place! See the price list and register today!The restaurant guide is visited by approximately 100,000 food-loving readers every month","og_url":"https:\/\/svenskamagasinet.es\/restaurangguiden\/en\/advertise-on-the-restaurant-guide\/","og_site_name":"Svenska Magasinet","article_modified_time":"2026-03-20T15:43:34+00:00","twitter_card":"summary_large_image","schema":{"@context":"https:\/\/schema.org","@graph":[{"@type":"WebPage","@id":"https:\/\/svenskamagasinet.es\/restaurangguiden\/en\/advertise-on-the-restaurant-guide\/","url":"https:\/\/svenskamagasinet.es\/restaurangguiden\/en\/advertise-on-the-restaurant-guide\/","name":"Advertise on the restaurant guide - Svenska Magasinet","isPartOf":{"@id":"https:\/\/svenskamagasinet.es\/restaurangguiden\/#website"},"datePublished":"2024-02-20T13:53:29+00:00","dateModified":"2026-03-20T15:43:34+00:00","breadcrumb":{"@id":"https:\/\/svenskamagasinet.es\/restaurangguiden\/en\/advertise-on-the-restaurant-guide\/#breadcrumb"},"inLanguage":"sv-SE","potentialAction":[{"@type":"ReadAction","target":["https:\/\/svenskamagasinet.es\/restaurangguiden\/en\/advertise-on-the-restaurant-guide\/"]}]},{"@type":"BreadcrumbList","@id":"https:\/\/svenskamagasinet.es\/restaurangguiden\/en\/advertise-on-the-restaurant-guide\/#breadcrumb","itemListElement":[{"@type":"ListItem","position":1,"name":"Hem","item":"https:\/\/svenskamagasinet.es\/restaurangguiden\/"},{"@type":"ListItem","position":2,"name":"Advertise on the restaurant guide"}]},{"@type":"WebSite","@id":"https:\/\/svenskamagasinet.es\/restaurangguiden\/#website","url":"https:\/\/svenskamagasinet.es\/restaurangguiden\/","name":"Svenska Magasinet","description":"Restaurangguiden i Spanien","publisher":{"@id":"https:\/\/svenskamagasinet.es\/restaurangguiden\/#organization"},"alternateName":"Restaurangguiden","potentialAction":[{"@type":"SearchAction","target":{"@type":"EntryPoint","urlTemplate":"https:\/\/svenskamagasinet.es\/restaurangguiden\/?s={search_term_string}"},"query-input":{"@type":"PropertyValueSpecification","valueRequired":true,"valueName":"search_term_string"}}],"inLanguage":"sv-SE"},{"@type":"Organization","@id":"https:\/\/svenskamagasinet.es\/restaurangguiden\/#organization","name":"SvenskaMagasinet","alternateName":"Restaurangguiden","url":"https:\/\/svenskamagasinet.es\/restaurangguiden\/","logo":{"@type":"ImageObject","inLanguage":"sv-SE","@id":"https:\/\/svenskamagasinet.es\/restaurangguiden\/#\/schema\/logo\/image\/","url":"","contentUrl":"","caption":"SvenskaMagasinet"},"image":{"@id":"https:\/\/svenskamagasinet.es\/restaurangguiden\/#\/schema\/logo\/image\/"}}]}},"_links":{"self":[{"href":"https:\/\/svenskamagasinet.es\/restaurangguiden\/wp-json\/wp\/v2\/pages\/1942","targetHints":{"allow":["GET"]}}],"collection":[{"href":"https:\/\/svenskamagasinet.es\/restaurangguiden\/wp-json\/wp\/v2\/pages"}],"about":[{"href":"https:\/\/svenskamagasinet.es\/restaurangguiden\/wp-json\/wp\/v2\/types\/page"}],"author":[{"embeddable":true,"href":"https:\/\/svenskamagasinet.es\/restaurangguiden\/wp-json\/wp\/v2\/users\/5"}],"replies":[{"embeddable":true,"href":"https:\/\/svenskamagasinet.es\/restaurangguiden\/wp-json\/wp\/v2\/comments?post=1942"}],"version-history":[{"count":9,"href":"https:\/\/svenskamagasinet.es\/restaurangguiden\/wp-json\/wp\/v2\/pages\/1942\/revisions"}],"predecessor-version":[{"id":2128,"href":"https:\/\/svenskamagasinet.es\/restaurangguiden\/wp-json\/wp\/v2\/pages\/1942\/revisions\/2128"}],"wp:attachment":[{"href":"https:\/\/svenskamagasinet.es\/restaurangguiden\/wp-json\/wp\/v2\/media?parent=1942"}],"curies":[{"name":"wp","href":"https:\/\/api.w.org\/{rel}","templated":true}]}}